{"id":223,"date":"2020-05-24T08:55:24","date_gmt":"2020-05-24T08:55:24","guid":{"rendered":"https:\/\/lloretdemarinfo.com\/?page_id=223"},"modified":"2020-05-24T09:39:11","modified_gmt":"2020-05-24T09:39:11","slug":"aanbiedingen-en-kortingscodes-lloret-de-mar-costa-brava","status":"publish","type":"page","link":"https:\/\/www.clubvillamar.cat\/content\/lloret-de-mar\/ca\/ofertes-i-codis-descompte-lloret-de-mar-costa-brava\/","title":{"rendered":"Ofertes i codis de descompte Lloret de Mar (Costa Brava): nom\u00e9s per a vosaltres!"},"content":{"rendered":"<p>Benvingut a la visi\u00f3 general de <strong>ofertes i codis de descompte<\/strong> per a estades (allotjaments) i activitats en particular <strong>Lloret de Mar a la Costa Brava<\/strong>. Tamb\u00e9 us oferim reduccions de preus per a viatges a Girona i Barcelona, entre d\u2019altres. <\/p>\n\n\n\n<p>A Lloret de Mar hi ha molt a fer, molt a veure i molt a viure, per\u00f2, per descomptat, \u00e9s encara m\u00e9s divertit si en pagueu menys amb un codi de descompte. Tant si es tracta de llogar un xalet de luxe, un dia divertit al Waterpark Waterworld o una altra activitat, mai no s\u2019ha perdut un bon codi de descompte.<\/p>\n\n\n\n<p>Per aix\u00f2, us ajudem amb codis de descompte i ofertes per a les vostres vacances a Lloret! A continuaci\u00f3 trobareu una visi\u00f3 general dels codis de descompte. Diverteix-te (per menys diners ;-)) a Lloret de Mar.<\/p>\n\n\n\n<p>Voleu que altres persones tamb\u00e9 puguin gaudir d\u2019aquests descomptes? Part <strong>aquesta p\u00e0gina \u00e9s f\u00e0cilment a les xarxes socials<\/strong>, podeu veure les possibilitats en aquesta p\u00e0gina.<\/p>\n\n\n\n<h2 class=\"wp-block-heading\"><a aria-label=\"Descompte d&#039;allotjament a Lloret de Mar (obre en una pestanya nova)\" href=\"\/content\/lloret-de-mar\/ca\/kortingscodes-en-aanbiedingen-accommodaties-lloret-de-mar\/\" target=\"_blank\" rel=\"noreferrer noopener\" class=\"rank-math-link\">Allotjament amb descompte a Lloret de Mar<\/a> (clica aqu\u00ed)<\/h2>\n\n\n\n<figure class=\"wp-block-image size-large\"><img loading=\"lazy\" decoding=\"async\" width=\"800\" height=\"536\" src=\"\/content\/lloret-de-mar\/wp-content\/uploads\/2020\/05\/l6.jpg\" alt=\"\" class=\"wp-image-224\" srcset=\"https:\/\/www.clubvillamar.cat\/content\/lloret-de-mar\/wp-content\/uploads\/2020\/05\/l6.jpg 800w, https:\/\/www.clubvillamar.cat\/content\/lloret-de-mar\/wp-content\/uploads\/2020\/05\/l6-300x201.jpg 300w, https:\/\/www.clubvillamar.cat\/content\/lloret-de-mar\/wp-content\/uploads\/2020\/05\/l6-768x515.jpg 768w\" sizes=\"(max-width: 800px) 100vw, 800px\" \/><figcaption><a href=\"\/content\/lloret-de-mar\/ca\/aanbiedingen-en-kortingscodes-lloret-de-mar-costa-brava\/kortingscodes-en-aanbiedingen-accommodaties-lloret-de-mar\/\" target=\"_blank\" aria-label=\"Codis de descompte per a Allotjaments a Lloret de Mar (s&#039;obre en una pestanya nova)\" rel=\"noreferrer noopener\" class=\"rank-math-link\">Codis de descompte per a allotjaments a Lloret de Mar<\/a><\/figcaption><\/figure>\n\n\n\n<h2 class=\"wp-block-heading\">Activitats Descompte Lloret de Mar<\/h2>\n\n\n\n<figure class=\"wp-block-image size-large\"><img loading=\"lazy\" decoding=\"async\" width=\"1000\" height=\"665\" src=\"\/content\/lloret-de-mar\/wp-content\/uploads\/2020\/05\/Wat-te-doen-in-Lloret-de-Mar-Aventura-Park.jpg\" alt=\"\" class=\"wp-image-161\" srcset=\"https:\/\/www.clubvillamar.cat\/content\/lloret-de-mar\/wp-content\/uploads\/2020\/05\/Wat-te-doen-in-Lloret-de-Mar-Aventura-Park.jpg 1000w, https:\/\/www.clubvillamar.cat\/content\/lloret-de-mar\/wp-content\/uploads\/2020\/05\/Wat-te-doen-in-Lloret-de-Mar-Aventura-Park-300x200.jpg 300w, https:\/\/www.clubvillamar.cat\/content\/lloret-de-mar\/wp-content\/uploads\/2020\/05\/Wat-te-doen-in-Lloret-de-Mar-Aventura-Park-768x511.jpg 768w\" sizes=\"(max-width: 1000px) 100vw, 1000px\" \/><figcaption>Descomptes i ofertes en activitats a Lloret<\/figcaption><\/figure>","protected":false},"excerpt":{"rendered":"<p>Benvinguts a la panor\u00e0mica d&#039;ofertes i codis de descompte per a estades (allotjaments) i activitats, especialment a Lloret de Mar a la Costa Brava. Tamb\u00e9 us oferim rebaixes de preu per<\/p>","protected":false},"author":2,"featured_media":224,"parent":0,"menu_order":0,"comment_status":"closed","ping_status":"closed","template":"","meta":{"om_disable_all_campaigns":false,"footnotes":""},"_links":{"self":[{"href":"https:\/\/www.clubvillamar.cat\/content\/lloret-de-mar\/ca\/wp-json\/wp\/v2\/pages\/223"}],"collection":[{"href":"https:\/\/www.clubvillamar.cat\/content\/lloret-de-mar\/ca\/wp-json\/wp\/v2\/pages"}],"about":[{"href":"https:\/\/www.clubvillamar.cat\/content\/lloret-de-mar\/ca\/wp-json\/wp\/v2\/types\/page"}],"author":[{"embeddable":true,"href":"https:\/\/www.clubvillamar.cat\/content\/lloret-de-mar\/ca\/wp-json\/wp\/v2\/users\/2"}],"replies":[{"embeddable":true,"href":"https:\/\/www.clubvillamar.cat\/content\/lloret-de-mar\/ca\/wp-json\/wp\/v2\/comments?post=223"}],"version-history":[{"count":7,"href":"https:\/\/www.clubvillamar.cat\/content\/lloret-de-mar\/ca\/wp-json\/wp\/v2\/pages\/223\/revisions"}],"predecessor-version":[{"id":243,"href":"https:\/\/www.clubvillamar.cat\/content\/lloret-de-mar\/ca\/wp-json\/wp\/v2\/pages\/223\/revisions\/243"}],"wp:featuredmedia":[{"embeddable":true,"href":"https:\/\/www.clubvillamar.cat\/content\/lloret-de-mar\/ca\/wp-json\/wp\/v2\/media\/224"}],"wp:attachment":[{"href":"https:\/\/www.clubvillamar.cat\/content\/lloret-de-mar\/ca\/wp-json\/wp\/v2\/media?parent=223"}],"curies":[{"name":"wp","href":"https:\/\/api.w.org\/{rel}","templated":true}]}}