{"id":226,"date":"2020-05-24T08:53:46","date_gmt":"2020-05-24T08:53:46","guid":{"rendered":"https:\/\/lloretdemarinfo.com\/?page_id=226"},"modified":"2020-05-24T09:34:14","modified_gmt":"2020-05-24T09:34:14","slug":"kortingscodes-en-aanbiedingen-accommodaties-lloret-de-mar","status":"publish","type":"page","link":"https:\/\/www.clubvillamar.cat\/content\/lloret-de-mar\/ca\/ofertes-i-codis-descompte-lloret-de-mar-costa-brava\/codis-descompte-i-ofertes-allotjament-lloret-de-mar\/","title":{"rendered":"Codis de descompte i ofertes Allotjament Lloret de Mar"},"content":{"rendered":"<p>Hi ha tanta diversi\u00f3 per fer a Lloret de Mar! Sabeu qu\u00e8 el fa encara m\u00e9s divertit? Descomptes i ofertes a la vostra estada. D\u2019aquesta manera es dorm encara millor! Ja sigui que llogueu una vila de luxe o us allotgeu en una casa de vacances, una vila de vacances, un apartament, un hotel o un c\u00e0mping ... .. Tot \u00e9s encara m\u00e9s divertit amb un bon descompte. <\/p>\n\n\n\n<p>En aquesta p\u00e0gina trobareu ofertes i codis de descompte de prove\u00efdors d\u2019allotjament a Lloret de Mar. Utilitzeu-lo per al vostre avantatge. Si voleu obtenir un codi de descompte per a les vostres activitats a Lloret de Mar, feu clic aqu\u00ed!<\/p>\n\n\n\n<h2 class=\"wp-block-heading\">Codi de descompte del Club Villamar!<\/h2>\n\n\n\n<figure class=\"wp-block-image size-large\"><a href=\"https:\/\/www.clubvillamar.nl\" target=\"_blank\" rel=\"noopener noreferrer\"><img loading=\"lazy\" decoding=\"async\" width=\"1024\" height=\"678\" src=\"\/content\/lloret-de-mar\/wp-content\/uploads\/2020\/05\/romana3-1024x678.jpg\" alt=\"\" class=\"wp-image-228\" srcset=\"https:\/\/www.clubvillamar.cat\/content\/lloret-de-mar\/wp-content\/uploads\/2020\/05\/romana3-1024x678.jpg 1024w, https:\/\/www.clubvillamar.cat\/content\/lloret-de-mar\/wp-content\/uploads\/2020\/05\/romana3-300x199.jpg 300w, https:\/\/www.clubvillamar.cat\/content\/lloret-de-mar\/wp-content\/uploads\/2020\/05\/romana3-768x509.jpg 768w, https:\/\/www.clubvillamar.cat\/content\/lloret-de-mar\/wp-content\/uploads\/2020\/05\/romana3.jpg 1200w\" sizes=\"(max-width: 1024px) 100vw, 1024px\" \/><\/a><figcaption>Club Villamar: l\u00edder indiscutible en xalets i cases de vacances a la Costa Brava (Espanya). Ara amb un descompte!<\/figcaption><\/figure>\n\n\n\n<p>Si esteu interessats en llogar una casa de vacances de luxe o una casa de vacances a Lloret de Mar, ja heu descobert que no podeu ignorar el Club Villamar.<\/p>\n\n\n\n<p>El Club Villamar, l\u00edder absolut en lloguers vacacionals a Lloret, t\u00e9 literalment centenars de cases i cases de lloguer a Lloret de Mar i la resta de la Costa Brava. Realment ofereixen cases i resid\u00e8ncies de vacances a tota Espanya (m\u00e9s de 3.500). El podeu trobar al seu lloc web <a aria-label=\"www.clubvillamar.nl (s&#039;obre en una pestanya nova)\" href=\"https:\/\/www.clubvillamar.nl\" target=\"_blank\" rel=\"noreferrer noopener\" class=\"rank-math-link\">www.clubvillamar.nl<\/a> literalment, milers de xalets amb piscina privada. <\/p>\n\n\n\n<p>Voleu llogar una casa de vacances amb els vostres amics o familiars? Et sembla una opci\u00f3 perfecta per passar la nit a Lloret de Mar? A continuaci\u00f3, tenim (en col\u00b7laboraci\u00f3 amb el Club Villamar) un codi de descompte per a vosaltres aqu\u00ed:<\/p>\n\n\n\n<p><strong>lloretdemarinfo.com 50<\/strong><\/p>\n\n\n\n<p>Introdu\u00efu aquest codi en fer la reserva al segon pas i de seguida us proporcionar\u00e0 un descompte de caixa de 50 euros. Perfecte no? Un altre dinar gratu\u00eft a la platja de Lloret amb els vostres amics o familiars!<\/p>\n\n\n\n<p><strong>Tamb\u00e9 podeu compartir f\u00e0cilment aquesta p\u00e0gina amb els vostres amics a les xarxes socials (vegeu les opcions d\u2019aquesta p\u00e0gina). <\/strong><\/p>\n\n\n\n<p><strong>Aleshores, tothom podr\u00e0 gaudir d\u2019un descompte al Club Villamar!<\/strong><\/p>\n\n\n\n<p>Tingueu en compte: <\/p>\n\n\n\n<ul><li>Aquest codi de descompte no es pot combinar amb altres descomptes<\/li><li>Aquest descompte s&#039;aplica a tots els objectes de www.clubvillamar.nl<\/li><li>Aquest descompte t\u00e9 una validesa limitada, aix\u00ed que utilitzeu-lo r\u00e0pidament. Anar a <a href=\"https:\/\/www.clubvillamar.nl\" target=\"_blank\" aria-label=\"www.clubvillamar.nl (s&#039;obre en una pestanya nova)\" rel=\"noreferrer noopener\" class=\"rank-math-link\">www.clubvillamar.nl<\/a> i fes la teva reserva ara i lloga una super xalet amb piscina privada a Lloret de Mar!<\/li><\/ul>","protected":false},"excerpt":{"rendered":"<p>Hi ha molt\u00edssima diversi\u00f3 per fer a Lloret de Mar! Saps qu\u00e8 ho fa encara m\u00e9s divertit? Descomptes i ofertes a la teva estada. Aix\u00ed dorms encara millor! Si tu<\/p>","protected":false},"author":2,"featured_media":228,"parent":223,"menu_order":0,"comment_status":"closed","ping_status":"closed","template":"","meta":{"om_disable_all_campaigns":false,"footnotes":""},"_links":{"self":[{"href":"https:\/\/www.clubvillamar.cat\/content\/lloret-de-mar\/ca\/wp-json\/wp\/v2\/pages\/226"}],"collection":[{"href":"https:\/\/www.clubvillamar.cat\/content\/lloret-de-mar\/ca\/wp-json\/wp\/v2\/pages"}],"about":[{"href":"https:\/\/www.clubvillamar.cat\/content\/lloret-de-mar\/ca\/wp-json\/wp\/v2\/types\/page"}],"author":[{"embeddable":true,"href":"https:\/\/www.clubvillamar.cat\/content\/lloret-de-mar\/ca\/wp-json\/wp\/v2\/users\/2"}],"replies":[{"embeddable":true,"href":"https:\/\/www.clubvillamar.cat\/content\/lloret-de-mar\/ca\/wp-json\/wp\/v2\/comments?post=226"}],"version-history":[{"count":7,"href":"https:\/\/www.clubvillamar.cat\/content\/lloret-de-mar\/ca\/wp-json\/wp\/v2\/pages\/226\/revisions"}],"predecessor-version":[{"id":242,"href":"https:\/\/www.clubvillamar.cat\/content\/lloret-de-mar\/ca\/wp-json\/wp\/v2\/pages\/226\/revisions\/242"}],"up":[{"embeddable":true,"href":"https:\/\/www.clubvillamar.cat\/content\/lloret-de-mar\/ca\/wp-json\/wp\/v2\/pages\/223"}],"wp:featuredmedia":[{"embeddable":true,"href":"https:\/\/www.clubvillamar.cat\/content\/lloret-de-mar\/ca\/wp-json\/wp\/v2\/media\/228"}],"wp:attachment":[{"href":"https:\/\/www.clubvillamar.cat\/content\/lloret-de-mar\/ca\/wp-json\/wp\/v2\/media?parent=226"}],"curies":[{"name":"wp","href":"https:\/\/api.w.org\/{rel}","templated":true}]}}